{"id":321,"date":"2026-02-11T16:32:34","date_gmt":"2026-02-11T15:32:34","guid":{"rendered":"https:\/\/dolomitenhof.alphamedia.tirol\/impronta\/"},"modified":"2026-04-01T11:28:53","modified_gmt":"2026-04-01T09:28:53","slug":"impronta","status":"publish","type":"page","link":"https:\/\/dolomitenhof.net\/it\/impronta\/","title":{"rendered":"Impronta"},"content":{"rendered":"\t\t<div data-elementor-type=\"wp-page\" data-elementor-id=\"321\" class=\"elementor elementor-321 elementor-76\" data-elementor-post-type=\"page\">\n\t\t\t\t<div class=\"elementor-element elementor-element-fbea951 e-flex e-con-boxed e-con e-parent\" data-id=\"fbea951\" data-element_type=\"container\" data-e-type=\"container\">\n\t\t\t\t\t<div class=\"e-con-inner\">\n\t\t\t\t<div class=\"elementor-element elementor-element-4f93c0e elementor-widget elementor-widget-heading\" data-id=\"4f93c0e\" data-element_type=\"widget\" data-e-type=\"widget\" data-widget_type=\"heading.default\">\n\t\t\t\t\t<h2 class=\"elementor-heading-title elementor-size-default\">Impronta<\/h2>\t\t\t\t<\/div>\n\t\t\t\t<div class=\"elementor-element elementor-element-def332b elementor-widget elementor-widget-text-editor\" data-id=\"def332b\" data-element_type=\"widget\" data-e-type=\"widget\" data-widget_type=\"text-editor.default\">\n\t\t\t\t\t\t\t\t\t<p><strong>Responsabile dei contenuti<\/strong><\/p><p>Ebner Helene<br>Kartitsch 85<br>A-9941 Kartitsch<\/p><p> <\/p><p><strong>Rappresentato da<\/strong><\/p><p>Ebner Helene<br>04848 52 45<br>info@dolomitenhof.at<\/p><p> <\/p><p><strong>Membro di<\/strong>:<\/p><p>WKO Tirolo<\/p><p> <\/p><p><strong>ID dell&#8217;imposta sulle vendite<\/strong><\/p><p>ATU 66895648<\/p><p> <\/p><p><strong>Autorit\u00e0 di vigilanza \/ autorit\u00e0 commerciale<\/strong><\/p><p>BH Lienz<\/p><p><a href=\"https:\/\/www.wko.at\/internetrecht\/informationspflichten-nach-dem-e-commerce-gesetz--dem-unte\">Informazioni secondo la legge sull&#8217;e-commerce<\/a><\/p><p> <\/p><p><strong>Oggetto della societ\u00e0<\/strong><\/p><p>Impresa commerciale &#8211; locanda<\/p><p> <\/p><p> <\/p><p><strong>Concetto, layout, programmazione<\/strong><\/p><p><strong>Alphamedia Tirol GmbH<br>Aue 185 b | A-9920 Sillian<br><\/strong><a href=\"http:\/\/www.alphamedia.tirol\"><strong>www.alphamedia.tirol<\/strong><\/a><\/p><p> <\/p><p><strong>Esclusione di responsabilit\u00e0<\/strong><\/p><p><strong>Responsabilit\u00e0 per i contenuti<\/strong><\/p><p>I contenuti delle nostre pagine sono stati creati con la massima cura. Tuttavia, non ci assumiamo alcuna responsabilit\u00e0 per la correttezza, la completezza e l&#8217;attualit\u00e0 dei contenuti. In qualit\u00e0 di fornitore di servizi, siamo obbligati, ai sensi del \u00a7 7 comma 1 TMG \u00e8 responsabile dei propri contenuti su queste pagine in base alle leggi generali. Ai sensi dei \u00a7\u00a7 8-10 TMG, tuttavia, in qualit\u00e0 di fornitore di servizi non siamo obbligati a monitorare le informazioni trasmesse o memorizzate da terzi o a indagare su circostanze che indicano un&#8217;attivit\u00e0 illegale. Gli obblighi di rimuovere o bloccare l&#8217;uso delle informazioni in conformit\u00e0 alle leggi generali rimangono inalterati. Tuttavia, la responsabilit\u00e0 in questo senso \u00e8 possibile solo a partire dal momento in cui si viene a conoscenza di una specifica violazione. Non appena verremo a conoscenza di tali violazioni, rimuoveremo immediatamente i contenuti.       <\/p><p><strong>Responsabilit\u00e0 per i link<\/strong><\/p><p>Il nostro sito web contiene link a siti web esterni di terzi sui cui contenuti non abbiamo alcuna influenza. Pertanto, non possiamo accettare alcuna responsabilit\u00e0 per questi contenuti di terzi. Il rispettivo fornitore o gestore delle pagine \u00e8 sempre responsabile del contenuto delle pagine collegate. Le pagine collegate sono state controllate per verificare la presenza di eventuali violazioni legali al momento del collegamento. I contenuti illegali non erano riconoscibili al momento del collegamento. Tuttavia, il monitoraggio permanente del contenuto delle pagine collegate non \u00e8 ragionevole senza prove concrete di una violazione. Se veniamo a conoscenza di eventuali violazioni legali, rimuoveremo immediatamente tali link.      <\/p><p><strong>Copyright<\/strong><\/p><p>I contenuti e le opere create dagli operatori del sito su queste pagine sono soggetti alla legge austriaca sul copyright. La riproduzione, la modifica, la distribuzione e qualsiasi tipo di utilizzo al di fuori dei limiti della legge sul copyright richiedono il consenso scritto del rispettivo autore o creatore. I download e le copie di questo sito sono consentiti solo per uso privato e non commerciale. Nella misura in cui i contenuti di questo sito non sono stati creati dall&#8217;operatore, si rispettano i diritti d&#8217;autore di terzi. In particolare, i contenuti di terze parti sono etichettati come tali. Se tuttavia dovessi venire a conoscenza di una violazione del copyright, ti preghiamo di informarci di conseguenza. Se veniamo a conoscenza di eventuali violazioni legali, rimuoveremo immediatamente tali contenuti.<\/p><p><strong>Protezione dei dati<\/strong><\/p><p>L&#8217;utilizzo del nostro sito web \u00e8 generalmente possibile senza fornire dati personali. Se sul nostro sito web vengono raccolti dati personali (ad esempio nome, indirizzo o indirizzi e-mail), ci\u00f2 avviene sempre su base volontaria, per quanto possibile. Questi dati non saranno trasmessi a terzi senza il tuo esplicito consenso.    <br>Vorremmo sottolineare che la trasmissione di dati su Internet (ad esempio quando si comunica via e-mail) pu\u00f2 presentare delle falle nella sicurezza. Non \u00e8 possibile proteggere completamente i dati dall&#8217;accesso di terzi.   <br>Con la presente si vieta espressamente l&#8217;utilizzo dei dati di contatto pubblicati nell&#8217;ambito dell&#8217;obbligo di imprinting da parte di terzi per l&#8217;invio di materiale pubblicitario e informativo non richiesto. Gli operatori di questo sito web si riservano espressamente il diritto di intraprendere azioni legali in caso di invio non richiesto di informazioni pubblicitarie, come ad esempio e-mail di spam. <\/p><p><strong>Foto<\/strong><\/p><p>Dolomitenhof<\/p>\t\t\t\t\t\t\t\t<\/div>\n\t\t\t\t\t<\/div>\n\t\t\t\t<\/div>\n\t\t\t\t<\/div>\n\t\t","protected":false},"excerpt":{"rendered":"<p>Impronta Responsabile dei contenuti Ebner HeleneKartitsch 85A-9941 Kartitsch Rappresentato da Ebner Helene04848 52 45info@dolomitenhof.at Membro di: WKO Tirolo ID dell&#8217;imposta sulle vendite ATU 66895648 Autorit\u00e0 di vigilanza \/ autorit\u00e0 commerciale BH Lienz Informazioni secondo la legge sull&#8217;e-commerce Oggetto della societ\u00e0 Impresa commerciale &#8211; locanda Concetto, layout, programmazione Alphamedia Tirol GmbHAue 185 b | A-9920 Sillianwww.alphamedia.tirol [&hellip;]<\/p>\n","protected":false},"author":1,"featured_media":0,"parent":0,"menu_order":0,"comment_status":"closed","ping_status":"closed","template":"elementor_header_footer","meta":{"footnotes":""},"class_list":["post-321","page","type-page","status-publish","hentry"],"yoast_head":"<!-- This site is optimized with the Yoast SEO plugin v27.5 - https:\/\/yoast.com\/product\/yoast-seo-wordpress\/ -->\n<title>Impronta - Dolomitenhof<\/title>\n<meta name=\"robots\" content=\"noindex, nofollow\" \/>\n<meta property=\"og:locale\" content=\"it_IT\" \/>\n<meta property=\"og:type\" content=\"article\" \/>\n<meta property=\"og:title\" content=\"Impronta - Dolomitenhof\" \/>\n<meta property=\"og:description\" content=\"Impronta Responsabile dei contenuti Ebner HeleneKartitsch 85A-9941 Kartitsch Rappresentato da Ebner Helene04848 52 45info@dolomitenhof.at Membro di: WKO Tirolo ID dell&#8217;imposta sulle vendite ATU 66895648 Autorit\u00e0 di vigilanza \/ autorit\u00e0 commerciale BH Lienz Informazioni secondo la legge sull&#8217;e-commerce Oggetto della societ\u00e0 Impresa commerciale &#8211; locanda Concetto, layout, programmazione Alphamedia Tirol GmbHAue 185 b | A-9920 Sillianwww.alphamedia.tirol [&hellip;]\" \/>\n<meta property=\"og:url\" content=\"https:\/\/dolomitenhof.net\/it\/impronta\/\" \/>\n<meta property=\"og:site_name\" content=\"Dolomitenhof\" \/>\n<meta property=\"article:modified_time\" content=\"2026-04-01T09:28:53+00:00\" \/>\n<meta name=\"twitter:card\" content=\"summary_large_image\" \/>\n<meta name=\"twitter:label1\" content=\"Tempo di lettura stimato\" \/>\n\t<meta name=\"twitter:data1\" content=\"3 minuti\" \/>\n<script type=\"application\/ld+json\" class=\"yoast-schema-graph\">{\"@context\":\"https:\\\/\\\/schema.org\",\"@graph\":[{\"@type\":\"WebPage\",\"@id\":\"https:\\\/\\\/dolomitenhof.net\\\/it\\\/impronta\\\/\",\"url\":\"https:\\\/\\\/dolomitenhof.net\\\/it\\\/impronta\\\/\",\"name\":\"Impronta - Dolomitenhof\",\"isPartOf\":{\"@id\":\"https:\\\/\\\/dolomitenhof.net\\\/it\\\/#website\"},\"datePublished\":\"2026-02-11T15:32:34+00:00\",\"dateModified\":\"2026-04-01T09:28:53+00:00\",\"breadcrumb\":{\"@id\":\"https:\\\/\\\/dolomitenhof.net\\\/it\\\/impronta\\\/#breadcrumb\"},\"inLanguage\":\"it-IT\",\"potentialAction\":[{\"@type\":\"ReadAction\",\"target\":[\"https:\\\/\\\/dolomitenhof.net\\\/it\\\/impronta\\\/\"]}]},{\"@type\":\"BreadcrumbList\",\"@id\":\"https:\\\/\\\/dolomitenhof.net\\\/it\\\/impronta\\\/#breadcrumb\",\"itemListElement\":[{\"@type\":\"ListItem\",\"position\":1,\"name\":\"Start\",\"item\":\"https:\\\/\\\/dolomitenhof.net\\\/it\\\/\"},{\"@type\":\"ListItem\",\"position\":2,\"name\":\"Impronta\"}]},{\"@type\":\"WebSite\",\"@id\":\"https:\\\/\\\/dolomitenhof.net\\\/it\\\/#website\",\"url\":\"https:\\\/\\\/dolomitenhof.net\\\/it\\\/\",\"name\":\"Dolomitenhof\",\"description\":\"Zimmer und Apartements in Kartitsch\",\"publisher\":{\"@id\":\"https:\\\/\\\/dolomitenhof.net\\\/it\\\/#organization\"},\"potentialAction\":[{\"@type\":\"SearchAction\",\"target\":{\"@type\":\"EntryPoint\",\"urlTemplate\":\"https:\\\/\\\/dolomitenhof.net\\\/it\\\/?s={search_term_string}\"},\"query-input\":{\"@type\":\"PropertyValueSpecification\",\"valueRequired\":true,\"valueName\":\"search_term_string\"}}],\"inLanguage\":\"it-IT\"},{\"@type\":\"Organization\",\"@id\":\"https:\\\/\\\/dolomitenhof.net\\\/it\\\/#organization\",\"name\":\"Dolomitenhof\",\"url\":\"https:\\\/\\\/dolomitenhof.net\\\/it\\\/\",\"logo\":{\"@type\":\"ImageObject\",\"inLanguage\":\"it-IT\",\"@id\":\"https:\\\/\\\/dolomitenhof.net\\\/it\\\/#\\\/schema\\\/logo\\\/image\\\/\",\"url\":\"https:\\\/\\\/dolomitenhof.net\\\/wp-content\\\/uploads\\\/2026\\\/02\\\/cropped-dolo_logo.png\",\"contentUrl\":\"https:\\\/\\\/dolomitenhof.net\\\/wp-content\\\/uploads\\\/2026\\\/02\\\/cropped-dolo_logo.png\",\"width\":300,\"height\":56,\"caption\":\"Dolomitenhof\"},\"image\":{\"@id\":\"https:\\\/\\\/dolomitenhof.net\\\/it\\\/#\\\/schema\\\/logo\\\/image\\\/\"}}]}<\/script>\n<!-- \/ Yoast SEO plugin. -->","yoast_head_json":{"title":"Impronta - Dolomitenhof","robots":{"index":"noindex","follow":"nofollow"},"og_locale":"it_IT","og_type":"article","og_title":"Impronta - Dolomitenhof","og_description":"Impronta Responsabile dei contenuti Ebner HeleneKartitsch 85A-9941 Kartitsch Rappresentato da Ebner Helene04848 52 45info@dolomitenhof.at Membro di: WKO Tirolo ID dell&#8217;imposta sulle vendite ATU 66895648 Autorit\u00e0 di vigilanza \/ autorit\u00e0 commerciale BH Lienz Informazioni secondo la legge sull&#8217;e-commerce Oggetto della societ\u00e0 Impresa commerciale &#8211; locanda Concetto, layout, programmazione Alphamedia Tirol GmbHAue 185 b | A-9920 Sillianwww.alphamedia.tirol [&hellip;]","og_url":"https:\/\/dolomitenhof.net\/it\/impronta\/","og_site_name":"Dolomitenhof","article_modified_time":"2026-04-01T09:28:53+00:00","twitter_card":"summary_large_image","twitter_misc":{"Tempo di lettura stimato":"3 minuti"},"schema":{"@context":"https:\/\/schema.org","@graph":[{"@type":"WebPage","@id":"https:\/\/dolomitenhof.net\/it\/impronta\/","url":"https:\/\/dolomitenhof.net\/it\/impronta\/","name":"Impronta - Dolomitenhof","isPartOf":{"@id":"https:\/\/dolomitenhof.net\/it\/#website"},"datePublished":"2026-02-11T15:32:34+00:00","dateModified":"2026-04-01T09:28:53+00:00","breadcrumb":{"@id":"https:\/\/dolomitenhof.net\/it\/impronta\/#breadcrumb"},"inLanguage":"it-IT","potentialAction":[{"@type":"ReadAction","target":["https:\/\/dolomitenhof.net\/it\/impronta\/"]}]},{"@type":"BreadcrumbList","@id":"https:\/\/dolomitenhof.net\/it\/impronta\/#breadcrumb","itemListElement":[{"@type":"ListItem","position":1,"name":"Start","item":"https:\/\/dolomitenhof.net\/it\/"},{"@type":"ListItem","position":2,"name":"Impronta"}]},{"@type":"WebSite","@id":"https:\/\/dolomitenhof.net\/it\/#website","url":"https:\/\/dolomitenhof.net\/it\/","name":"Dolomitenhof","description":"Zimmer und Apartements in Kartitsch","publisher":{"@id":"https:\/\/dolomitenhof.net\/it\/#organization"},"potentialAction":[{"@type":"SearchAction","target":{"@type":"EntryPoint","urlTemplate":"https:\/\/dolomitenhof.net\/it\/?s={search_term_string}"},"query-input":{"@type":"PropertyValueSpecification","valueRequired":true,"valueName":"search_term_string"}}],"inLanguage":"it-IT"},{"@type":"Organization","@id":"https:\/\/dolomitenhof.net\/it\/#organization","name":"Dolomitenhof","url":"https:\/\/dolomitenhof.net\/it\/","logo":{"@type":"ImageObject","inLanguage":"it-IT","@id":"https:\/\/dolomitenhof.net\/it\/#\/schema\/logo\/image\/","url":"https:\/\/dolomitenhof.net\/wp-content\/uploads\/2026\/02\/cropped-dolo_logo.png","contentUrl":"https:\/\/dolomitenhof.net\/wp-content\/uploads\/2026\/02\/cropped-dolo_logo.png","width":300,"height":56,"caption":"Dolomitenhof"},"image":{"@id":"https:\/\/dolomitenhof.net\/it\/#\/schema\/logo\/image\/"}}]}},"_links":{"self":[{"href":"https:\/\/dolomitenhof.net\/it\/wp-json\/wp\/v2\/pages\/321","targetHints":{"allow":["GET"]}}],"collection":[{"href":"https:\/\/dolomitenhof.net\/it\/wp-json\/wp\/v2\/pages"}],"about":[{"href":"https:\/\/dolomitenhof.net\/it\/wp-json\/wp\/v2\/types\/page"}],"author":[{"embeddable":true,"href":"https:\/\/dolomitenhof.net\/it\/wp-json\/wp\/v2\/users\/1"}],"replies":[{"embeddable":true,"href":"https:\/\/dolomitenhof.net\/it\/wp-json\/wp\/v2\/comments?post=321"}],"version-history":[{"count":2,"href":"https:\/\/dolomitenhof.net\/it\/wp-json\/wp\/v2\/pages\/321\/revisions"}],"predecessor-version":[{"id":13391,"href":"https:\/\/dolomitenhof.net\/it\/wp-json\/wp\/v2\/pages\/321\/revisions\/13391"}],"wp:attachment":[{"href":"https:\/\/dolomitenhof.net\/it\/wp-json\/wp\/v2\/media?parent=321"}],"curies":[{"name":"wp","href":"https:\/\/api.w.org\/{rel}","templated":true}]}}