{"id":326,"date":"2026-02-11T15:57:35","date_gmt":"2026-02-11T14:57:35","guid":{"rendered":"https:\/\/dolomitenhof.alphamedia.tirol\/informativa-sulla-privacy\/"},"modified":"2026-02-16T08:19:40","modified_gmt":"2026-02-16T07:19:40","slug":"informativa-sulla-privacy","status":"publish","type":"page","link":"https:\/\/dolomitenhof.net\/it\/informativa-sulla-privacy\/","title":{"rendered":"Informativa sulla privacy"},"content":{"rendered":"\t\t<div data-elementor-type=\"wp-page\" data-elementor-id=\"326\" class=\"elementor elementor-326 elementor-3\" data-elementor-post-type=\"page\">\n\t\t\t\t<div class=\"elementor-element elementor-element-1fa110bd e-flex e-con-boxed e-con e-parent\" data-id=\"1fa110bd\" data-element_type=\"container\" data-e-type=\"container\">\n\t\t\t\t\t<div class=\"e-con-inner\">\n\t\t\t\t<div class=\"elementor-element elementor-element-50a5840 elementor-widget elementor-widget-text-editor\" data-id=\"50a5840\" data-element_type=\"widget\" data-e-type=\"widget\" data-widget_type=\"text-editor.default\">\n\t\t\t\t\t\t\t\t\t<p>La protezione dei tuoi dati personali ci sta particolarmente a cuore. Pertanto, trattiamo i tuoi dati esclusivamente sulla base delle disposizioni di legge (GDPR, TKG 2003). In questa informativa sulla protezione dei dati, ti informiamo sugli aspetti pi\u00f9 importanti del trattamento dei dati nel contesto del nostro sito web.<\/p><p><strong>Contattaci<\/strong><\/p><p>Se ci contatti utilizzando il modulo sul sito web o via e-mail, i dati che ci fornisci saranno conservati da noi per sei mesi allo scopo di elaborare la richiesta e in caso di domande successive. Non trasmettiamo questi dati senza il tuo consenso.<\/p><p><strong>I tuoi diritti<\/strong><\/p><p>In linea di principio, hai diritto all&#8217;informazione, alla rettifica, alla cancellazione, alla limitazione, alla portabilit\u00e0 dei dati, alla cancellazione e all&#8217;opposizione. Se ritieni che il trattamento dei tuoi dati violi la legge sulla protezione dei dati o che i tuoi diritti di protezione dei dati siano stati violati in qualsiasi altro modo, puoi presentare un reclamo all&#8217;autorit\u00e0 di vigilanza. In Austria, si tratta dell&#8217;autorit\u00e0 per la protezione dei dati.<\/p><p><strong>Biscotti<\/strong><\/p><p>Utilizziamo lo strumento di consenso &#8220;Real Cookie Banner&#8221; per gestire i cookie e le tecnologie simili utilizzate (pixel di tracciamento, web beacon, ecc.) e i relativi consensi. Puoi trovare i dettagli su come funziona il &#8220;Real Cookie Banner&#8221; su &lt;a href=&#8221;https:\/\/devowl.io\/de\/rcb\/datenverarbeitung\/&#8221; rel=&#8221;noreferrer&#8221; target=&#8221;_blank&#8221;&gt;https:\/\/devowl.io\/de\/rcb\/datenverarbeitung\/&lt;\/a&gt;.<\/p><p>La base giuridica per il trattamento dei dati personali in questo contesto \u00e8 l&#8217;art. 6, comma 1, del Codice Civile. 1 lit. c GDPR e Art. 6 para. 1 lit. f GDPR. Il nostro legittimo interesse \u00e8 la gestione dei cookie e delle tecnologie simili utilizzate e i relativi consensi.<\/p><p>Il conferimento dei dati personali non \u00e8 n\u00e9 contrattualmente richiesto n\u00e9 necessario per la conclusione di un contratto. Non sei obbligato a fornire i dati personali. Se non fornisci i dati personali, non saremo in grado di gestire i tuoi consensi.<\/p><p><strong>Puoi raggiungerci ai seguenti recapiti<\/strong>:<\/p><p>Ebner Helene<br>Kartitsch 85<br>A-9941 Kartitsch<br>T: 0043 4848 5245 <br>E: <span id=\"cloak4cc28d17fc01ea6109b448267d0f5d8f\"><span id=\"cloak5cfa5265c3627a868868d4391c645779\"><a href=\"mailto:info@dolomitenhof.net\">info@dolomitenhof.net<\/a><\/span><\/span><\/p>\t\t\t\t\t\t\t\t<\/div>\n\t\t\t\t\t<\/div>\n\t\t\t\t<\/div>\n\t\t\t\t<\/div>\n\t\t","protected":false},"excerpt":{"rendered":"<p>La protezione dei tuoi dati personali ci sta particolarmente a cuore. Pertanto, trattiamo i tuoi dati esclusivamente sulla base delle disposizioni di legge (GDPR, TKG 2003). In questa informativa sulla protezione dei dati, ti informiamo sugli aspetti pi\u00f9 importanti del trattamento dei dati nel contesto del nostro sito web. Contattaci Se ci contatti utilizzando il [&hellip;]<\/p>\n","protected":false},"author":1,"featured_media":0,"parent":0,"menu_order":0,"comment_status":"closed","ping_status":"open","template":"","meta":{"footnotes":""},"class_list":["post-326","page","type-page","status-publish","hentry"],"yoast_head":"<!-- This site is optimized with the Yoast SEO plugin v27.3 - https:\/\/yoast.com\/product\/yoast-seo-wordpress\/ -->\n<title>Informativa sulla privacy - Dolomitenhof<\/title>\n<meta name=\"robots\" content=\"noindex, nofollow\" \/>\n<meta property=\"og:locale\" content=\"it_IT\" \/>\n<meta property=\"og:type\" content=\"article\" \/>\n<meta property=\"og:title\" content=\"Informativa sulla privacy - Dolomitenhof\" \/>\n<meta property=\"og:description\" content=\"La protezione dei tuoi dati personali ci sta particolarmente a cuore. Pertanto, trattiamo i tuoi dati esclusivamente sulla base delle disposizioni di legge (GDPR, TKG 2003). In questa informativa sulla protezione dei dati, ti informiamo sugli aspetti pi\u00f9 importanti del trattamento dei dati nel contesto del nostro sito web. Contattaci Se ci contatti utilizzando il [&hellip;]\" \/>\n<meta property=\"og:url\" content=\"https:\/\/dolomitenhof.net\/it\/informativa-sulla-privacy\/\" \/>\n<meta property=\"og:site_name\" content=\"Dolomitenhof\" \/>\n<meta property=\"article:modified_time\" content=\"2026-02-16T07:19:40+00:00\" \/>\n<meta name=\"twitter:card\" content=\"summary_large_image\" \/>\n<meta name=\"twitter:label1\" content=\"Tempo di lettura stimato\" \/>\n\t<meta name=\"twitter:data1\" content=\"2 minuti\" \/>\n<script type=\"application\/ld+json\" class=\"yoast-schema-graph\">{\"@context\":\"https:\\\/\\\/schema.org\",\"@graph\":[{\"@type\":\"WebPage\",\"@id\":\"https:\\\/\\\/dolomitenhof.net\\\/it\\\/informativa-sulla-privacy\\\/\",\"url\":\"https:\\\/\\\/dolomitenhof.net\\\/it\\\/informativa-sulla-privacy\\\/\",\"name\":\"Informativa sulla privacy - Dolomitenhof\",\"isPartOf\":{\"@id\":\"https:\\\/\\\/dolomitenhof.alphamedia.tirol\\\/#website\"},\"datePublished\":\"2026-02-11T14:57:35+00:00\",\"dateModified\":\"2026-02-16T07:19:40+00:00\",\"breadcrumb\":{\"@id\":\"https:\\\/\\\/dolomitenhof.net\\\/it\\\/informativa-sulla-privacy\\\/#breadcrumb\"},\"inLanguage\":\"it-IT\",\"potentialAction\":[{\"@type\":\"ReadAction\",\"target\":[\"https:\\\/\\\/dolomitenhof.net\\\/it\\\/informativa-sulla-privacy\\\/\"]}]},{\"@type\":\"BreadcrumbList\",\"@id\":\"https:\\\/\\\/dolomitenhof.net\\\/it\\\/informativa-sulla-privacy\\\/#breadcrumb\",\"itemListElement\":[{\"@type\":\"ListItem\",\"position\":1,\"name\":\"Start\",\"item\":\"https:\\\/\\\/dolomitenhof.net\\\/it\\\/\"},{\"@type\":\"ListItem\",\"position\":2,\"name\":\"Informativa sulla privacy\"}]},{\"@type\":\"WebSite\",\"@id\":\"https:\\\/\\\/dolomitenhof.alphamedia.tirol\\\/#website\",\"url\":\"https:\\\/\\\/dolomitenhof.alphamedia.tirol\\\/\",\"name\":\"Dolomitenhof\",\"description\":\"Zimmer und Apartements in Kartitsch\",\"publisher\":{\"@id\":\"https:\\\/\\\/dolomitenhof.alphamedia.tirol\\\/#organization\"},\"potentialAction\":[{\"@type\":\"SearchAction\",\"target\":{\"@type\":\"EntryPoint\",\"urlTemplate\":\"https:\\\/\\\/dolomitenhof.alphamedia.tirol\\\/?s={search_term_string}\"},\"query-input\":{\"@type\":\"PropertyValueSpecification\",\"valueRequired\":true,\"valueName\":\"search_term_string\"}}],\"inLanguage\":\"it-IT\"},{\"@type\":\"Organization\",\"@id\":\"https:\\\/\\\/dolomitenhof.alphamedia.tirol\\\/#organization\",\"name\":\"Dolomitenhof\",\"url\":\"https:\\\/\\\/dolomitenhof.alphamedia.tirol\\\/\",\"logo\":{\"@type\":\"ImageObject\",\"inLanguage\":\"it-IT\",\"@id\":\"https:\\\/\\\/dolomitenhof.alphamedia.tirol\\\/#\\\/schema\\\/logo\\\/image\\\/\",\"url\":\"https:\\\/\\\/dolomitenhof.net\\\/wp-content\\\/uploads\\\/2026\\\/02\\\/cropped-dolo_logo.png\",\"contentUrl\":\"https:\\\/\\\/dolomitenhof.net\\\/wp-content\\\/uploads\\\/2026\\\/02\\\/cropped-dolo_logo.png\",\"width\":300,\"height\":56,\"caption\":\"Dolomitenhof\"},\"image\":{\"@id\":\"https:\\\/\\\/dolomitenhof.alphamedia.tirol\\\/#\\\/schema\\\/logo\\\/image\\\/\"}}]}<\/script>\n<!-- \/ Yoast SEO plugin. -->","yoast_head_json":{"title":"Informativa sulla privacy - Dolomitenhof","robots":{"index":"noindex","follow":"nofollow"},"og_locale":"it_IT","og_type":"article","og_title":"Informativa sulla privacy - Dolomitenhof","og_description":"La protezione dei tuoi dati personali ci sta particolarmente a cuore. Pertanto, trattiamo i tuoi dati esclusivamente sulla base delle disposizioni di legge (GDPR, TKG 2003). In questa informativa sulla protezione dei dati, ti informiamo sugli aspetti pi\u00f9 importanti del trattamento dei dati nel contesto del nostro sito web. Contattaci Se ci contatti utilizzando il [&hellip;]","og_url":"https:\/\/dolomitenhof.net\/it\/informativa-sulla-privacy\/","og_site_name":"Dolomitenhof","article_modified_time":"2026-02-16T07:19:40+00:00","twitter_card":"summary_large_image","twitter_misc":{"Tempo di lettura stimato":"2 minuti"},"schema":{"@context":"https:\/\/schema.org","@graph":[{"@type":"WebPage","@id":"https:\/\/dolomitenhof.net\/it\/informativa-sulla-privacy\/","url":"https:\/\/dolomitenhof.net\/it\/informativa-sulla-privacy\/","name":"Informativa sulla privacy - Dolomitenhof","isPartOf":{"@id":"https:\/\/dolomitenhof.alphamedia.tirol\/#website"},"datePublished":"2026-02-11T14:57:35+00:00","dateModified":"2026-02-16T07:19:40+00:00","breadcrumb":{"@id":"https:\/\/dolomitenhof.net\/it\/informativa-sulla-privacy\/#breadcrumb"},"inLanguage":"it-IT","potentialAction":[{"@type":"ReadAction","target":["https:\/\/dolomitenhof.net\/it\/informativa-sulla-privacy\/"]}]},{"@type":"BreadcrumbList","@id":"https:\/\/dolomitenhof.net\/it\/informativa-sulla-privacy\/#breadcrumb","itemListElement":[{"@type":"ListItem","position":1,"name":"Start","item":"https:\/\/dolomitenhof.net\/it\/"},{"@type":"ListItem","position":2,"name":"Informativa sulla privacy"}]},{"@type":"WebSite","@id":"https:\/\/dolomitenhof.alphamedia.tirol\/#website","url":"https:\/\/dolomitenhof.alphamedia.tirol\/","name":"Dolomitenhof","description":"Zimmer und Apartements in Kartitsch","publisher":{"@id":"https:\/\/dolomitenhof.alphamedia.tirol\/#organization"},"potentialAction":[{"@type":"SearchAction","target":{"@type":"EntryPoint","urlTemplate":"https:\/\/dolomitenhof.alphamedia.tirol\/?s={search_term_string}"},"query-input":{"@type":"PropertyValueSpecification","valueRequired":true,"valueName":"search_term_string"}}],"inLanguage":"it-IT"},{"@type":"Organization","@id":"https:\/\/dolomitenhof.alphamedia.tirol\/#organization","name":"Dolomitenhof","url":"https:\/\/dolomitenhof.alphamedia.tirol\/","logo":{"@type":"ImageObject","inLanguage":"it-IT","@id":"https:\/\/dolomitenhof.alphamedia.tirol\/#\/schema\/logo\/image\/","url":"https:\/\/dolomitenhof.net\/wp-content\/uploads\/2026\/02\/cropped-dolo_logo.png","contentUrl":"https:\/\/dolomitenhof.net\/wp-content\/uploads\/2026\/02\/cropped-dolo_logo.png","width":300,"height":56,"caption":"Dolomitenhof"},"image":{"@id":"https:\/\/dolomitenhof.alphamedia.tirol\/#\/schema\/logo\/image\/"}}]}},"_links":{"self":[{"href":"https:\/\/dolomitenhof.net\/it\/wp-json\/wp\/v2\/pages\/326","targetHints":{"allow":["GET"]}}],"collection":[{"href":"https:\/\/dolomitenhof.net\/it\/wp-json\/wp\/v2\/pages"}],"about":[{"href":"https:\/\/dolomitenhof.net\/it\/wp-json\/wp\/v2\/types\/page"}],"author":[{"embeddable":true,"href":"https:\/\/dolomitenhof.net\/it\/wp-json\/wp\/v2\/users\/1"}],"replies":[{"embeddable":true,"href":"https:\/\/dolomitenhof.net\/it\/wp-json\/wp\/v2\/comments?post=326"}],"version-history":[{"count":3,"href":"https:\/\/dolomitenhof.net\/it\/wp-json\/wp\/v2\/pages\/326\/revisions"}],"predecessor-version":[{"id":347,"href":"https:\/\/dolomitenhof.net\/it\/wp-json\/wp\/v2\/pages\/326\/revisions\/347"}],"wp:attachment":[{"href":"https:\/\/dolomitenhof.net\/it\/wp-json\/wp\/v2\/media?parent=326"}],"curies":[{"name":"wp","href":"https:\/\/api.w.org\/{rel}","templated":true}]}}