{"id":656,"date":"2026-02-13T10:23:07","date_gmt":"2026-02-13T09:23:07","guid":{"rendered":"https:\/\/dolomitenhof.alphamedia.tirol\/la-storia\/"},"modified":"2026-02-16T08:59:54","modified_gmt":"2026-02-16T07:59:54","slug":"la-storia","status":"publish","type":"page","link":"https:\/\/dolomitenhof.net\/it\/la-storia\/","title":{"rendered":"La storia"},"content":{"rendered":"\t\t<div data-elementor-type=\"wp-page\" data-elementor-id=\"656\" class=\"elementor elementor-656 elementor-132\" data-elementor-post-type=\"page\">\n\t\t\t\t<div class=\"elementor-element elementor-element-5bd072d e-flex e-con-boxed e-con e-parent\" data-id=\"5bd072d\" data-element_type=\"container\" data-e-type=\"container\">\n\t\t\t\t\t<div class=\"e-con-inner\">\n\t\t\t\t<div class=\"elementor-element elementor-element-27964e0 elementor-widget elementor-widget-image\" data-id=\"27964e0\" data-element_type=\"widget\" data-e-type=\"widget\" data-widget_type=\"image.default\">\n\t\t\t\t\t\t\t\t\t\t\t\t\t\t\t<img fetchpriority=\"high\" decoding=\"async\" width=\"2560\" height=\"790\" src=\"https:\/\/dolomitenhof.net\/wp-content\/uploads\/2026\/02\/Dolomitenhof-0384-2-scaled.jpg\" class=\"attachment-full size-full wp-image-657\" alt=\"\" srcset=\"https:\/\/dolomitenhof.net\/wp-content\/uploads\/2026\/02\/Dolomitenhof-0384-2-scaled.jpg 2560w, https:\/\/dolomitenhof.net\/wp-content\/uploads\/2026\/02\/Dolomitenhof-0384-2-300x93.jpg 300w, https:\/\/dolomitenhof.net\/wp-content\/uploads\/2026\/02\/Dolomitenhof-0384-2-1024x316.jpg 1024w, https:\/\/dolomitenhof.net\/wp-content\/uploads\/2026\/02\/Dolomitenhof-0384-2-768x237.jpg 768w, https:\/\/dolomitenhof.net\/wp-content\/uploads\/2026\/02\/Dolomitenhof-0384-2-1536x474.jpg 1536w, https:\/\/dolomitenhof.net\/wp-content\/uploads\/2026\/02\/Dolomitenhof-0384-2-2048x632.jpg 2048w\" sizes=\"(max-width: 2560px) 100vw, 2560px\" \/>\t\t\t\t\t\t\t\t\t\t\t\t\t\t\t<\/div>\n\t\t\t\t\t<\/div>\n\t\t\t\t<\/div>\n\t\t<div class=\"elementor-element elementor-element-69ede95 e-flex e-con-boxed e-con e-parent\" data-id=\"69ede95\" data-element_type=\"container\" data-e-type=\"container\">\n\t\t\t\t\t<div class=\"e-con-inner\">\n\t\t\t\t<div class=\"elementor-element elementor-element-abfe269 elementor-widget elementor-widget-text-editor\" data-id=\"abfe269\" data-element_type=\"widget\" data-e-type=\"widget\" data-widget_type=\"text-editor.default\">\n\t\t\t\t\t\t\t\t\t<p>La storia della casa risale al XVII secolo, quando la famiglia Hattler apr\u00ec qui una locanda. Nel 1935, il nonno dell&#8217;attuale proprietario acquist\u00f2 la propriet\u00e0 insieme al fratello e la gest\u00ec come &#8220;Gasthof und Pension zur Post&#8221;. L&#8217;attivit\u00e0 di famiglia comprendeva anche un&#8217;azienda di trasporti e un&#8217;azienda di autobus\/taxi. Nel dopoguerra l&#8217;edificio fu ampliato e dotato di nuovi balconi. La generazione successiva subentr\u00f2 nel 1965. A quel punto il nome della locanda era gi\u00e0 stato cambiato in &#8220;Dolomitenhof&#8221;.<\/p>\t\t\t\t\t\t\t\t<\/div>\n\t\t\t\t\t<\/div>\n\t\t\t\t<\/div>\n\t\t<div class=\"elementor-element elementor-element-9c44b94 e-flex e-con-boxed e-con e-parent\" data-id=\"9c44b94\" data-element_type=\"container\" data-e-type=\"container\">\n\t\t\t\t\t<div class=\"e-con-inner\">\n\t\t\t\t<div class=\"elementor-element elementor-element-78e700c elementor-widget elementor-widget-gallery\" data-id=\"78e700c\" data-element_type=\"widget\" data-e-type=\"widget\" data-settings=\"{&quot;columns&quot;:3,&quot;lazyload&quot;:&quot;yes&quot;,&quot;gallery_layout&quot;:&quot;grid&quot;,&quot;columns_tablet&quot;:2,&quot;columns_mobile&quot;:1,&quot;gap&quot;:{&quot;unit&quot;:&quot;px&quot;,&quot;size&quot;:10,&quot;sizes&quot;:[]},&quot;gap_tablet&quot;:{&quot;unit&quot;:&quot;px&quot;,&quot;size&quot;:10,&quot;sizes&quot;:[]},&quot;gap_mobile&quot;:{&quot;unit&quot;:&quot;px&quot;,&quot;size&quot;:10,&quot;sizes&quot;:[]},&quot;link_to&quot;:&quot;file&quot;,&quot;aspect_ratio&quot;:&quot;3:2&quot;,&quot;overlay_background&quot;:&quot;yes&quot;,&quot;content_hover_animation&quot;:&quot;fade-in&quot;}\" data-widget_type=\"gallery.default\">\n\t\t\t\t\t\t\t<div class=\"elementor-gallery__container\">\n\t\t\t\t\t\t\t<a class=\"e-gallery-item elementor-gallery-item elementor-animated-content\" href=\"https:\/\/dolomitenhof.net\/wp-content\/uploads\/2026\/02\/dolomitenhof-d002AC0B670E-0A19-4B70-D2DD-915A5150FB7F.jpg\" data-elementor-open-lightbox=\"yes\" data-elementor-lightbox-slideshow=\"78e700c\" data-e-action-hash=\"#elementor-action%3Aaction%3Dlightbox%26settings%3DeyJpZCI6NTgyLCJ1cmwiOiJodHRwczpcL1wvZG9sb21pdGVuaG9mLm5ldFwvd3AtY29udGVudFwvdXBsb2Fkc1wvMjAyNlwvMDJcL2RvbG9taXRlbmhvZi1kMDAyQUMwQjY3MEUtMEExOS00QjcwLUQyREQtOTE1QTUxNTBGQjdGLmpwZyIsInNsaWRlc2hvdyI6Ijc4ZTcwMGMifQ%3D%3D\">\n\t\t\t\t\t<div class=\"e-gallery-image elementor-gallery-item__image\" data-thumbnail=\"https:\/\/dolomitenhof.net\/wp-content\/uploads\/2026\/02\/dolomitenhof-d002AC0B670E-0A19-4B70-D2DD-915A5150FB7F.jpg\" data-width=\"600\" data-height=\"400\" aria-label=\"\" role=\"img\" ><\/div>\n\t\t\t\t\t\t\t\t\t\t\t<div class=\"elementor-gallery-item__overlay\"><\/div>\n\t\t\t\t\t\t\t\t\t\t\t\t\t\t<\/a>\n\t\t\t\t\t\t\t<a class=\"e-gallery-item elementor-gallery-item elementor-animated-content\" href=\"https:\/\/dolomitenhof.net\/wp-content\/uploads\/2026\/02\/dolomitenhof-d0010722D269-AAEE-94C0-9ECE-53D1B8C6F430.jpg\" data-elementor-open-lightbox=\"yes\" data-elementor-lightbox-slideshow=\"78e700c\" data-e-action-hash=\"#elementor-action%3Aaction%3Dlightbox%26settings%3DeyJpZCI6NTg0LCJ1cmwiOiJodHRwczpcL1wvZG9sb21pdGVuaG9mLm5ldFwvd3AtY29udGVudFwvdXBsb2Fkc1wvMjAyNlwvMDJcL2RvbG9taXRlbmhvZi1kMDAxMDcyMkQyNjktQUFFRS05NEMwLTlFQ0UtNTNEMUI4QzZGNDMwLmpwZyIsInNsaWRlc2hvdyI6Ijc4ZTcwMGMifQ%3D%3D\">\n\t\t\t\t\t<div class=\"e-gallery-image elementor-gallery-item__image\" data-thumbnail=\"https:\/\/dolomitenhof.net\/wp-content\/uploads\/2026\/02\/dolomitenhof-d0010722D269-AAEE-94C0-9ECE-53D1B8C6F430.jpg\" data-width=\"600\" data-height=\"400\" aria-label=\"\" role=\"img\" ><\/div>\n\t\t\t\t\t\t\t\t\t\t\t<div class=\"elementor-gallery-item__overlay\"><\/div>\n\t\t\t\t\t\t\t\t\t\t\t\t\t\t<\/a>\n\t\t\t\t\t\t\t<a class=\"e-gallery-item elementor-gallery-item elementor-animated-content\" href=\"https:\/\/dolomitenhof.net\/wp-content\/uploads\/2026\/02\/dolomitenhof-d0032C271785-5B21-D31C-B0DF-098ABECFCD77.jpg\" data-elementor-open-lightbox=\"yes\" data-elementor-lightbox-slideshow=\"78e700c\" data-e-action-hash=\"#elementor-action%3Aaction%3Dlightbox%26settings%3DeyJpZCI6NTg2LCJ1cmwiOiJodHRwczpcL1wvZG9sb21pdGVuaG9mLm5ldFwvd3AtY29udGVudFwvdXBsb2Fkc1wvMjAyNlwvMDJcL2RvbG9taXRlbmhvZi1kMDAzMkMyNzE3ODUtNUIyMS1EMzFDLUIwREYtMDk4QUJFQ0ZDRDc3LmpwZyIsInNsaWRlc2hvdyI6Ijc4ZTcwMGMifQ%3D%3D\">\n\t\t\t\t\t<div class=\"e-gallery-image elementor-gallery-item__image\" data-thumbnail=\"https:\/\/dolomitenhof.net\/wp-content\/uploads\/2026\/02\/dolomitenhof-d0032C271785-5B21-D31C-B0DF-098ABECFCD77.jpg\" data-width=\"600\" data-height=\"400\" aria-label=\"\" role=\"img\" ><\/div>\n\t\t\t\t\t\t\t\t\t\t\t<div class=\"elementor-gallery-item__overlay\"><\/div>\n\t\t\t\t\t\t\t\t\t\t\t\t\t\t<\/a>\n\t\t\t\t\t\t\t<a class=\"e-gallery-item elementor-gallery-item elementor-animated-content\" href=\"https:\/\/dolomitenhof.net\/wp-content\/uploads\/2026\/02\/dolomitenhof-d00473FF55A3-12FB-E8B7-BA76-31C15D66CF65.jpg\" data-elementor-open-lightbox=\"yes\" data-elementor-lightbox-slideshow=\"78e700c\" data-e-action-hash=\"#elementor-action%3Aaction%3Dlightbox%26settings%3DeyJpZCI6NTg3LCJ1cmwiOiJodHRwczpcL1wvZG9sb21pdGVuaG9mLm5ldFwvd3AtY29udGVudFwvdXBsb2Fkc1wvMjAyNlwvMDJcL2RvbG9taXRlbmhvZi1kMDA0NzNGRjU1QTMtMTJGQi1FOEI3LUJBNzYtMzFDMTVENjZDRjY1LmpwZyIsInNsaWRlc2hvdyI6Ijc4ZTcwMGMifQ%3D%3D\">\n\t\t\t\t\t<div class=\"e-gallery-image elementor-gallery-item__image\" data-thumbnail=\"https:\/\/dolomitenhof.net\/wp-content\/uploads\/2026\/02\/dolomitenhof-d00473FF55A3-12FB-E8B7-BA76-31C15D66CF65.jpg\" data-width=\"600\" data-height=\"400\" aria-label=\"\" role=\"img\" ><\/div>\n\t\t\t\t\t\t\t\t\t\t\t<div class=\"elementor-gallery-item__overlay\"><\/div>\n\t\t\t\t\t\t\t\t\t\t\t\t\t\t<\/a>\n\t\t\t\t\t\t\t<a class=\"e-gallery-item elementor-gallery-item elementor-animated-content\" href=\"https:\/\/dolomitenhof.net\/wp-content\/uploads\/2026\/02\/dolomitenhof-d005FFAFA121-FC0C-61F6-FBEC-E3518D967C1F.jpg\" data-elementor-open-lightbox=\"yes\" data-elementor-lightbox-slideshow=\"78e700c\" data-e-action-hash=\"#elementor-action%3Aaction%3Dlightbox%26settings%3DeyJpZCI6NTg5LCJ1cmwiOiJodHRwczpcL1wvZG9sb21pdGVuaG9mLm5ldFwvd3AtY29udGVudFwvdXBsb2Fkc1wvMjAyNlwvMDJcL2RvbG9taXRlbmhvZi1kMDA1RkZBRkExMjEtRkMwQy02MUY2LUZCRUMtRTM1MThEOTY3QzFGLmpwZyIsInNsaWRlc2hvdyI6Ijc4ZTcwMGMifQ%3D%3D\">\n\t\t\t\t\t<div class=\"e-gallery-image elementor-gallery-item__image\" data-thumbnail=\"https:\/\/dolomitenhof.net\/wp-content\/uploads\/2026\/02\/dolomitenhof-d005FFAFA121-FC0C-61F6-FBEC-E3518D967C1F.jpg\" data-width=\"600\" data-height=\"400\" aria-label=\"\" role=\"img\" ><\/div>\n\t\t\t\t\t\t\t\t\t\t\t<div class=\"elementor-gallery-item__overlay\"><\/div>\n\t\t\t\t\t\t\t\t\t\t\t\t\t\t<\/a>\n\t\t\t\t\t\t\t<a class=\"e-gallery-item elementor-gallery-item elementor-animated-content\" href=\"https:\/\/dolomitenhof.net\/wp-content\/uploads\/2026\/02\/dolomitenhof-d00648BC6C0E-E0D8-3B45-4D5D-C66DAB4C630F.jpg\" data-elementor-open-lightbox=\"yes\" data-elementor-lightbox-slideshow=\"78e700c\" data-e-action-hash=\"#elementor-action%3Aaction%3Dlightbox%26settings%3DeyJpZCI6NTkxLCJ1cmwiOiJodHRwczpcL1wvZG9sb21pdGVuaG9mLm5ldFwvd3AtY29udGVudFwvdXBsb2Fkc1wvMjAyNlwvMDJcL2RvbG9taXRlbmhvZi1kMDA2NDhCQzZDMEUtRTBEOC0zQjQ1LTRENUQtQzY2REFCNEM2MzBGLmpwZyIsInNsaWRlc2hvdyI6Ijc4ZTcwMGMifQ%3D%3D\">\n\t\t\t\t\t<div class=\"e-gallery-image elementor-gallery-item__image\" data-thumbnail=\"https:\/\/dolomitenhof.net\/wp-content\/uploads\/2026\/02\/dolomitenhof-d00648BC6C0E-E0D8-3B45-4D5D-C66DAB4C630F.jpg\" data-width=\"600\" data-height=\"400\" aria-label=\"\" role=\"img\" ><\/div>\n\t\t\t\t\t\t\t\t\t\t\t<div class=\"elementor-gallery-item__overlay\"><\/div>\n\t\t\t\t\t\t\t\t\t\t\t\t\t\t<\/a>\n\t\t\t\t\t<\/div>\n\t\t\t\t\t<\/div>\n\t\t\t\t\t<\/div>\n\t\t\t\t<\/div>\n\t\t<div class=\"elementor-element elementor-element-708bad5 e-flex e-con-boxed e-con e-parent\" data-id=\"708bad5\" data-element_type=\"container\" data-e-type=\"container\">\n\t\t\t\t\t<div class=\"e-con-inner\">\n\t\t\t\t<div class=\"elementor-element elementor-element-6ff2d0b elementor-widget elementor-widget-text-editor\" data-id=\"6ff2d0b\" data-element_type=\"widget\" data-e-type=\"widget\" data-widget_type=\"text-editor.default\">\n\t\t\t\t\t\t\t\t\t<p>A partire dagli anni &#8217;90 sono stati effettuati ripetuti investimenti per l&#8217;arredamento e l&#8217;ampliamento della locanda: La costruzione di due nuove sale da pranzo al piano terra (1992\/1993) \u00e8 stata seguita dall&#8217;ampliamento del terzo piano nel 2000, con l&#8217;installazione di un ascensore, un&#8217;estensione con un garage, due nuovi appartamenti per le vacanze e quattro nuove camere nel 2004\/2005 e l&#8217;installazione di una nuova cucina per la mensa nel 2006. Contemporaneamente ai grandi lavori di costruzione, le singole camere degli ospiti sono state ripetutamente aggiornate.<\/p>\t\t\t\t\t\t\t\t<\/div>\n\t\t\t\t\t<\/div>\n\t\t\t\t<\/div>\n\t\t<div class=\"elementor-element elementor-element-874f9f1 e-flex e-con-boxed e-con e-parent\" data-id=\"874f9f1\" data-element_type=\"container\" data-e-type=\"container\">\n\t\t\t\t\t<div class=\"e-con-inner\">\n\t\t\t\t<div class=\"elementor-element elementor-element-4c15362 elementor-widget elementor-widget-gallery\" data-id=\"4c15362\" data-element_type=\"widget\" data-e-type=\"widget\" data-settings=\"{&quot;columns&quot;:3,&quot;lazyload&quot;:&quot;yes&quot;,&quot;gallery_layout&quot;:&quot;grid&quot;,&quot;columns_tablet&quot;:2,&quot;columns_mobile&quot;:1,&quot;gap&quot;:{&quot;unit&quot;:&quot;px&quot;,&quot;size&quot;:10,&quot;sizes&quot;:[]},&quot;gap_tablet&quot;:{&quot;unit&quot;:&quot;px&quot;,&quot;size&quot;:10,&quot;sizes&quot;:[]},&quot;gap_mobile&quot;:{&quot;unit&quot;:&quot;px&quot;,&quot;size&quot;:10,&quot;sizes&quot;:[]},&quot;link_to&quot;:&quot;file&quot;,&quot;aspect_ratio&quot;:&quot;3:2&quot;,&quot;overlay_background&quot;:&quot;yes&quot;,&quot;content_hover_animation&quot;:&quot;fade-in&quot;}\" data-widget_type=\"gallery.default\">\n\t\t\t\t\t\t\t<div class=\"elementor-gallery__container\">\n\t\t\t\t\t\t\t<a class=\"e-gallery-item elementor-gallery-item elementor-animated-content\" href=\"https:\/\/dolomitenhof.net\/wp-content\/uploads\/2026\/02\/Dolomitenhof-0341-scaled-1.jpg\" data-elementor-open-lightbox=\"yes\" data-elementor-lightbox-slideshow=\"4c15362\" data-e-action-hash=\"#elementor-action%3Aaction%3Dlightbox%26settings%3DeyJpZCI6NTkzLCJ1cmwiOiJodHRwczpcL1wvZG9sb21pdGVuaG9mLm5ldFwvd3AtY29udGVudFwvdXBsb2Fkc1wvMjAyNlwvMDJcL0RvbG9taXRlbmhvZi0wMzQxLXNjYWxlZC0xLmpwZyIsInNsaWRlc2hvdyI6IjRjMTUzNjIifQ%3D%3D\">\n\t\t\t\t\t<div class=\"e-gallery-image elementor-gallery-item__image\" data-thumbnail=\"https:\/\/dolomitenhof.net\/wp-content\/uploads\/2026\/02\/Dolomitenhof-0341-scaled-1.jpg\" data-width=\"2560\" data-height=\"1707\" aria-label=\"\" role=\"img\" ><\/div>\n\t\t\t\t\t\t\t\t\t\t\t<div class=\"elementor-gallery-item__overlay\"><\/div>\n\t\t\t\t\t\t\t\t\t\t\t\t\t\t<\/a>\n\t\t\t\t\t\t\t<a class=\"e-gallery-item elementor-gallery-item elementor-animated-content\" href=\"https:\/\/dolomitenhof.net\/wp-content\/uploads\/2026\/02\/Dolomitenhof-0375-scaled-1.jpg\" data-elementor-open-lightbox=\"yes\" data-elementor-lightbox-slideshow=\"4c15362\" data-e-action-hash=\"#elementor-action%3Aaction%3Dlightbox%26settings%3DeyJpZCI6NTk1LCJ1cmwiOiJodHRwczpcL1wvZG9sb21pdGVuaG9mLm5ldFwvd3AtY29udGVudFwvdXBsb2Fkc1wvMjAyNlwvMDJcL0RvbG9taXRlbmhvZi0wMzc1LXNjYWxlZC0xLmpwZyIsInNsaWRlc2hvdyI6IjRjMTUzNjIifQ%3D%3D\">\n\t\t\t\t\t<div class=\"e-gallery-image elementor-gallery-item__image\" data-thumbnail=\"https:\/\/dolomitenhof.net\/wp-content\/uploads\/2026\/02\/Dolomitenhof-0375-scaled-1.jpg\" data-width=\"2560\" data-height=\"1818\" aria-label=\"\" role=\"img\" ><\/div>\n\t\t\t\t\t\t\t\t\t\t\t<div class=\"elementor-gallery-item__overlay\"><\/div>\n\t\t\t\t\t\t\t\t\t\t\t\t\t\t<\/a>\n\t\t\t\t\t\t\t<a class=\"e-gallery-item elementor-gallery-item elementor-animated-content\" href=\"https:\/\/dolomitenhof.net\/wp-content\/uploads\/2026\/02\/geschichte.jpg\" data-elementor-open-lightbox=\"yes\" data-elementor-lightbox-slideshow=\"4c15362\" data-e-action-hash=\"#elementor-action%3Aaction%3Dlightbox%26settings%3DeyJpZCI6NjU4LCJ1cmwiOiJodHRwczpcL1wvZG9sb21pdGVuaG9mLm5ldFwvd3AtY29udGVudFwvdXBsb2Fkc1wvMjAyNlwvMDJcL2dlc2NoaWNodGUuanBnIiwic2xpZGVzaG93IjoiNGMxNTM2MiJ9\">\n\t\t\t\t\t<div class=\"e-gallery-image elementor-gallery-item__image\" data-thumbnail=\"https:\/\/dolomitenhof.net\/wp-content\/uploads\/2026\/02\/geschichte.jpg\" data-width=\"600\" data-height=\"400\" aria-label=\"\" role=\"img\" ><\/div>\n\t\t\t\t\t\t\t\t\t\t\t<div class=\"elementor-gallery-item__overlay\"><\/div>\n\t\t\t\t\t\t\t\t\t\t\t\t\t\t<\/a>\n\t\t\t\t\t<\/div>\n\t\t\t\t\t<\/div>\n\t\t\t\t\t<\/div>\n\t\t\t\t<\/div>\n\t\t<div class=\"elementor-element elementor-element-127f725 e-flex e-con-boxed e-con e-parent\" data-id=\"127f725\" data-element_type=\"container\" data-e-type=\"container\">\n\t\t\t\t\t<div class=\"e-con-inner\">\n\t\t\t\t<div class=\"elementor-element elementor-element-73d0509 elementor-widget elementor-widget-text-editor\" data-id=\"73d0509\" data-element_type=\"widget\" data-e-type=\"widget\" data-widget_type=\"text-editor.default\">\n\t\t\t\t\t\t\t\t\t<p>Helene Ebner gestisce il &#8220;Dolomitenhof&#8221; da sette anni. Nel 2018 ha anche deciso di sottoporre l&#8217;edificio a un&#8217;altra importante ristrutturazione generale. Con l&#8217;inizio dei lavori nel marzo 2019, sei stanze sui lati est e ovest sono state dotate di balcone e l&#8217;intera parte superiore dell&#8217;edificio \u00e8 stata isolata termicamente. Tutti i balconi e le finestre del &#8220;Dolomitenhof&#8221; sono stati rinnovati e la facciata, comprese le scritte, \u00e8 stata ridisegnata. Per Helene Ebner era particolarmente importante che venisse mantenuto il carattere della &#8220;locanda della fattoria&#8221; originale. Grazie all&#8217;utilizzo di molto legno di larice e all&#8217;inserimento di dettagli tradizionali che ricordano le arpe, \u00e8 stato un grande successo. All&#8217;interno, i lavori di costruzione hanno incluso l&#8217;ammodernamento di altre stanze, compresi nuovi cablaggi elettrici e impianti di riscaldamento e sanitari, integrati da nuovi pavimenti e dalla parziale sostituzione dell&#8217;arredamento.<\/p>\t\t\t\t\t\t\t\t<\/div>\n\t\t\t\t\t<\/div>\n\t\t\t\t<\/div>\n\t\t\t\t<\/div>\n\t\t","protected":false},"excerpt":{"rendered":"<p>La storia della casa risale al XVII secolo, quando la famiglia Hattler apr\u00ec qui una locanda. Nel 1935, il nonno dell&#8217;attuale proprietario acquist\u00f2 la propriet\u00e0 insieme al fratello e la gest\u00ec come &#8220;Gasthof und Pension zur Post&#8221;. L&#8217;attivit\u00e0 di famiglia comprendeva anche un&#8217;azienda di trasporti e un&#8217;azienda di autobus\/taxi. Nel dopoguerra l&#8217;edificio fu ampliato e [&hellip;]<\/p>\n","protected":false},"author":1,"featured_media":0,"parent":0,"menu_order":0,"comment_status":"closed","ping_status":"closed","template":"elementor_header_footer","meta":{"footnotes":""},"class_list":["post-656","page","type-page","status-publish","hentry"],"yoast_head":"<!-- This site is optimized with the Yoast SEO plugin v27.5 - https:\/\/yoast.com\/product\/yoast-seo-wordpress\/ -->\n<title>La storia - Dolomitenhof<\/title>\n<meta name=\"description\" content=\"La storia della casa risale al XVII secolo, quando la famiglia Hattler apr\u00ec qui una locanda.\" \/>\n<meta name=\"robots\" content=\"index, follow, max-snippet:-1, max-image-preview:large, max-video-preview:-1\" \/>\n<link rel=\"canonical\" href=\"https:\/\/dolomitenhof.net\/it\/la-storia\/\" \/>\n<meta property=\"og:locale\" content=\"it_IT\" \/>\n<meta property=\"og:type\" content=\"article\" \/>\n<meta property=\"og:title\" content=\"La storia - Dolomitenhof\" \/>\n<meta property=\"og:description\" content=\"La storia della casa risale al XVII secolo, quando la famiglia Hattler apr\u00ec qui una locanda.\" \/>\n<meta property=\"og:url\" content=\"https:\/\/dolomitenhof.net\/it\/la-storia\/\" \/>\n<meta property=\"og:site_name\" content=\"Dolomitenhof\" \/>\n<meta property=\"article:modified_time\" content=\"2026-02-16T07:59:54+00:00\" \/>\n<meta property=\"og:image\" content=\"https:\/\/dolomitenhof.alphamedia.tirol\/wp-content\/uploads\/2026\/02\/Dolomitenhof-0384-2-scaled.jpg\" \/>\n<meta name=\"twitter:card\" content=\"summary_large_image\" \/>\n<meta name=\"twitter:label1\" content=\"Tempo di lettura stimato\" \/>\n\t<meta name=\"twitter:data1\" content=\"1 minuto\" \/>\n<script type=\"application\/ld+json\" class=\"yoast-schema-graph\">{\"@context\":\"https:\\\/\\\/schema.org\",\"@graph\":[{\"@type\":\"WebPage\",\"@id\":\"https:\\\/\\\/dolomitenhof.net\\\/it\\\/la-storia\\\/\",\"url\":\"https:\\\/\\\/dolomitenhof.net\\\/it\\\/la-storia\\\/\",\"name\":\"La storia - Dolomitenhof\",\"isPartOf\":{\"@id\":\"https:\\\/\\\/dolomitenhof.net\\\/it\\\/#website\"},\"primaryImageOfPage\":{\"@id\":\"https:\\\/\\\/dolomitenhof.net\\\/it\\\/la-storia\\\/#primaryimage\"},\"image\":{\"@id\":\"https:\\\/\\\/dolomitenhof.net\\\/it\\\/la-storia\\\/#primaryimage\"},\"thumbnailUrl\":\"https:\\\/\\\/dolomitenhof.alphamedia.tirol\\\/wp-content\\\/uploads\\\/2026\\\/02\\\/Dolomitenhof-0384-2-scaled.jpg\",\"datePublished\":\"2026-02-13T09:23:07+00:00\",\"dateModified\":\"2026-02-16T07:59:54+00:00\",\"description\":\"La storia della casa risale al XVII secolo, quando la famiglia Hattler apr\u00ec qui una locanda.\",\"breadcrumb\":{\"@id\":\"https:\\\/\\\/dolomitenhof.net\\\/it\\\/la-storia\\\/#breadcrumb\"},\"inLanguage\":\"it-IT\",\"potentialAction\":[{\"@type\":\"ReadAction\",\"target\":[\"https:\\\/\\\/dolomitenhof.net\\\/it\\\/la-storia\\\/\"]}]},{\"@type\":\"ImageObject\",\"inLanguage\":\"it-IT\",\"@id\":\"https:\\\/\\\/dolomitenhof.net\\\/it\\\/la-storia\\\/#primaryimage\",\"url\":\"https:\\\/\\\/dolomitenhof.alphamedia.tirol\\\/wp-content\\\/uploads\\\/2026\\\/02\\\/Dolomitenhof-0384-2-scaled.jpg\",\"contentUrl\":\"https:\\\/\\\/dolomitenhof.alphamedia.tirol\\\/wp-content\\\/uploads\\\/2026\\\/02\\\/Dolomitenhof-0384-2-scaled.jpg\"},{\"@type\":\"BreadcrumbList\",\"@id\":\"https:\\\/\\\/dolomitenhof.net\\\/it\\\/la-storia\\\/#breadcrumb\",\"itemListElement\":[{\"@type\":\"ListItem\",\"position\":1,\"name\":\"Start\",\"item\":\"https:\\\/\\\/dolomitenhof.net\\\/it\\\/\"},{\"@type\":\"ListItem\",\"position\":2,\"name\":\"La storia\"}]},{\"@type\":\"WebSite\",\"@id\":\"https:\\\/\\\/dolomitenhof.net\\\/it\\\/#website\",\"url\":\"https:\\\/\\\/dolomitenhof.net\\\/it\\\/\",\"name\":\"Dolomitenhof\",\"description\":\"Zimmer und Apartements in Kartitsch\",\"publisher\":{\"@id\":\"https:\\\/\\\/dolomitenhof.net\\\/it\\\/#organization\"},\"potentialAction\":[{\"@type\":\"SearchAction\",\"target\":{\"@type\":\"EntryPoint\",\"urlTemplate\":\"https:\\\/\\\/dolomitenhof.net\\\/it\\\/?s={search_term_string}\"},\"query-input\":{\"@type\":\"PropertyValueSpecification\",\"valueRequired\":true,\"valueName\":\"search_term_string\"}}],\"inLanguage\":\"it-IT\"},{\"@type\":\"Organization\",\"@id\":\"https:\\\/\\\/dolomitenhof.net\\\/it\\\/#organization\",\"name\":\"Dolomitenhof\",\"url\":\"https:\\\/\\\/dolomitenhof.net\\\/it\\\/\",\"logo\":{\"@type\":\"ImageObject\",\"inLanguage\":\"it-IT\",\"@id\":\"https:\\\/\\\/dolomitenhof.net\\\/it\\\/#\\\/schema\\\/logo\\\/image\\\/\",\"url\":\"https:\\\/\\\/dolomitenhof.net\\\/wp-content\\\/uploads\\\/2026\\\/02\\\/cropped-dolo_logo.png\",\"contentUrl\":\"https:\\\/\\\/dolomitenhof.net\\\/wp-content\\\/uploads\\\/2026\\\/02\\\/cropped-dolo_logo.png\",\"width\":300,\"height\":56,\"caption\":\"Dolomitenhof\"},\"image\":{\"@id\":\"https:\\\/\\\/dolomitenhof.net\\\/it\\\/#\\\/schema\\\/logo\\\/image\\\/\"}}]}<\/script>\n<!-- \/ Yoast SEO plugin. -->","yoast_head_json":{"title":"La storia - Dolomitenhof","description":"La storia della casa risale al XVII secolo, quando la famiglia Hattler apr\u00ec qui una locanda.","robots":{"index":"index","follow":"follow","max-snippet":"max-snippet:-1","max-image-preview":"max-image-preview:large","max-video-preview":"max-video-preview:-1"},"canonical":"https:\/\/dolomitenhof.net\/it\/la-storia\/","og_locale":"it_IT","og_type":"article","og_title":"La storia - Dolomitenhof","og_description":"La storia della casa risale al XVII secolo, quando la famiglia Hattler apr\u00ec qui una locanda.","og_url":"https:\/\/dolomitenhof.net\/it\/la-storia\/","og_site_name":"Dolomitenhof","article_modified_time":"2026-02-16T07:59:54+00:00","og_image":[{"url":"https:\/\/dolomitenhof.alphamedia.tirol\/wp-content\/uploads\/2026\/02\/Dolomitenhof-0384-2-scaled.jpg","type":"","width":"","height":""}],"twitter_card":"summary_large_image","twitter_misc":{"Tempo di lettura stimato":"1 minuto"},"schema":{"@context":"https:\/\/schema.org","@graph":[{"@type":"WebPage","@id":"https:\/\/dolomitenhof.net\/it\/la-storia\/","url":"https:\/\/dolomitenhof.net\/it\/la-storia\/","name":"La storia - Dolomitenhof","isPartOf":{"@id":"https:\/\/dolomitenhof.net\/it\/#website"},"primaryImageOfPage":{"@id":"https:\/\/dolomitenhof.net\/it\/la-storia\/#primaryimage"},"image":{"@id":"https:\/\/dolomitenhof.net\/it\/la-storia\/#primaryimage"},"thumbnailUrl":"https:\/\/dolomitenhof.alphamedia.tirol\/wp-content\/uploads\/2026\/02\/Dolomitenhof-0384-2-scaled.jpg","datePublished":"2026-02-13T09:23:07+00:00","dateModified":"2026-02-16T07:59:54+00:00","description":"La storia della casa risale al XVII secolo, quando la famiglia Hattler apr\u00ec qui una locanda.","breadcrumb":{"@id":"https:\/\/dolomitenhof.net\/it\/la-storia\/#breadcrumb"},"inLanguage":"it-IT","potentialAction":[{"@type":"ReadAction","target":["https:\/\/dolomitenhof.net\/it\/la-storia\/"]}]},{"@type":"ImageObject","inLanguage":"it-IT","@id":"https:\/\/dolomitenhof.net\/it\/la-storia\/#primaryimage","url":"https:\/\/dolomitenhof.alphamedia.tirol\/wp-content\/uploads\/2026\/02\/Dolomitenhof-0384-2-scaled.jpg","contentUrl":"https:\/\/dolomitenhof.alphamedia.tirol\/wp-content\/uploads\/2026\/02\/Dolomitenhof-0384-2-scaled.jpg"},{"@type":"BreadcrumbList","@id":"https:\/\/dolomitenhof.net\/it\/la-storia\/#breadcrumb","itemListElement":[{"@type":"ListItem","position":1,"name":"Start","item":"https:\/\/dolomitenhof.net\/it\/"},{"@type":"ListItem","position":2,"name":"La storia"}]},{"@type":"WebSite","@id":"https:\/\/dolomitenhof.net\/it\/#website","url":"https:\/\/dolomitenhof.net\/it\/","name":"Dolomitenhof","description":"Zimmer und Apartements in Kartitsch","publisher":{"@id":"https:\/\/dolomitenhof.net\/it\/#organization"},"potentialAction":[{"@type":"SearchAction","target":{"@type":"EntryPoint","urlTemplate":"https:\/\/dolomitenhof.net\/it\/?s={search_term_string}"},"query-input":{"@type":"PropertyValueSpecification","valueRequired":true,"valueName":"search_term_string"}}],"inLanguage":"it-IT"},{"@type":"Organization","@id":"https:\/\/dolomitenhof.net\/it\/#organization","name":"Dolomitenhof","url":"https:\/\/dolomitenhof.net\/it\/","logo":{"@type":"ImageObject","inLanguage":"it-IT","@id":"https:\/\/dolomitenhof.net\/it\/#\/schema\/logo\/image\/","url":"https:\/\/dolomitenhof.net\/wp-content\/uploads\/2026\/02\/cropped-dolo_logo.png","contentUrl":"https:\/\/dolomitenhof.net\/wp-content\/uploads\/2026\/02\/cropped-dolo_logo.png","width":300,"height":56,"caption":"Dolomitenhof"},"image":{"@id":"https:\/\/dolomitenhof.net\/it\/#\/schema\/logo\/image\/"}}]}},"_links":{"self":[{"href":"https:\/\/dolomitenhof.net\/it\/wp-json\/wp\/v2\/pages\/656","targetHints":{"allow":["GET"]}}],"collection":[{"href":"https:\/\/dolomitenhof.net\/it\/wp-json\/wp\/v2\/pages"}],"about":[{"href":"https:\/\/dolomitenhof.net\/it\/wp-json\/wp\/v2\/types\/page"}],"author":[{"embeddable":true,"href":"https:\/\/dolomitenhof.net\/it\/wp-json\/wp\/v2\/users\/1"}],"replies":[{"embeddable":true,"href":"https:\/\/dolomitenhof.net\/it\/wp-json\/wp\/v2\/comments?post=656"}],"version-history":[{"count":1,"href":"https:\/\/dolomitenhof.net\/it\/wp-json\/wp\/v2\/pages\/656\/revisions"}],"predecessor-version":[{"id":659,"href":"https:\/\/dolomitenhof.net\/it\/wp-json\/wp\/v2\/pages\/656\/revisions\/659"}],"wp:attachment":[{"href":"https:\/\/dolomitenhof.net\/it\/wp-json\/wp\/v2\/media?parent=656"}],"curies":[{"name":"wp","href":"https:\/\/api.w.org\/{rel}","templated":true}]}}